{"id":2,"date":"2024-09-20T11:16:08","date_gmt":"2024-09-20T11:16:08","guid":{"rendered":"https:\/\/carpinteriaartetxe.rkinformatika.online\/?page_id=2"},"modified":"2025-01-09T10:59:59","modified_gmt":"2025-01-09T10:59:59","slug":"inicio","status":"publish","type":"page","link":"https:\/\/magorabakery.es\/eu\/","title":{"rendered":"Hasiera"},"content":{"rendered":"<div data-elementor-type=\"wp-page\" data-elementor-id=\"2\" class=\"elementor elementor-2\" data-elementor-post-type=\"page\">\n\t\t\t\t<div class=\"elementor-element elementor-element-99bfd16 e-con-full e-flex e-con e-parent\" data-id=\"99bfd16\" data-element_type=\"container\" data-e-type=\"container\" data-settings=\"{&quot;background_background&quot;:&quot;classic&quot;}\">\n\t\t\t\t<div class=\"elementor-element elementor-element-fe7d472 elementor-widget elementor-widget-heading\" data-id=\"fe7d472\" data-element_type=\"widget\" data-e-type=\"widget\" data-widget_type=\"heading.default\">\n\t\t\t\t<div class=\"elementor-widget-container\">\n\t\t\t\t\t<h2 class=\"elementor-heading-title elementor-size-default\">MAGORA BAKERY<\/h2>\t\t\t\t<\/div>\n\t\t\t\t<\/div>\n\t\t\t\t<div class=\"elementor-element elementor-element-87ba3e1 elementor-widget elementor-widget-heading\" data-id=\"87ba3e1\" data-element_type=\"widget\" data-e-type=\"widget\" data-widget_type=\"heading.default\">\n\t\t\t\t<div class=\"elementor-widget-container\">\n\t\t\t\t\t<h2 class=\"elementor-heading-title elementor-size-default\">GLUTENIK ETA ESNERIK GABEKO GOZOGINTZA<\/h2>\t\t\t\t<\/div>\n\t\t\t\t<\/div>\n\t\t\t\t<\/div>\n\t\t<div class=\"elementor-element elementor-element-86dc876 e-flex e-con-boxed e-con e-parent\" data-id=\"86dc876\" data-element_type=\"container\" data-e-type=\"container\">\n\t\t\t\t\t<div class=\"e-con-inner\">\n\t\t<div class=\"elementor-element elementor-element-7e47aad e-con-full e-flex e-con e-child\" data-id=\"7e47aad\" data-element_type=\"container\" data-e-type=\"container\" data-settings=\"{&quot;background_background&quot;:&quot;classic&quot;}\">\n\t\t\t\t<\/div>\n\t\t<div class=\"elementor-element elementor-element-e54591e e-con-full e-flex e-con e-child\" data-id=\"e54591e\" data-element_type=\"container\" data-e-type=\"container\">\n\t\t\t\t<div class=\"elementor-element elementor-element-54c724a elementor-widget__width-initial elementor-widget elementor-widget-heading\" data-id=\"54c724a\" data-element_type=\"widget\" data-e-type=\"widget\" data-widget_type=\"heading.default\">\n\t\t\t\t<div class=\"elementor-widget-container\">\n\t\t\t\t\t<h2 class=\"elementor-heading-title elementor-size-default\">Horrela sortu zen glutenik eta esnerik gabeko gure gozotegia.<\/h2>\t\t\t\t<\/div>\n\t\t\t\t<\/div>\n\t\t\t\t<div class=\"elementor-element elementor-element-092f919 elementor-widget elementor-widget-heading\" data-id=\"092f919\" data-element_type=\"widget\" data-e-type=\"widget\" data-widget_type=\"heading.default\">\n\t\t\t\t<div class=\"elementor-widget-container\">\n\t\t\t\t\t<h2 class=\"elementor-heading-title elementor-size-default\">Proba asko egin ondoren, urte batzuk dira glutenarekiko intolerantzia antzeman zidatela. Nola antzeman glutenarekiko intolerantzia? Medikuen kalkuluen arabera, populazioaren % 1 inguru gaixotasun zeliakoaren biktima da, eta horrek kalte egiten dio heste meharrari, gariaren glutenarekiko erreakzio alergiko larriak eraginda. Gainera, biztanleriaren % 15 inguru glutenarekiko sentikorra izan daitekeela kalkulatzen da. Glutena garian eta gariaren produktu deribatuetan dagoen proteina bat da. Hori gutxi balitz, beste proba batzuen ondoren, laktosarekiko intolerantzia ere diagnostikatu zidaten. Laktosa esnean eta esnekietan dagoen azukre mota bat besterik ez da. Laktosa digeritzeko, giza gorputzak laktasa izeneko entzima bat behar du. Laktosarekiko intolerantzia agertzen da heste meharrak laktosa horren kantitate nahikorik sortzen ez duenean.<\/h2>\t\t\t\t<\/div>\n\t\t\t\t<\/div>\n\t\t\t\t<div class=\"elementor-element elementor-element-4b35bd3 elementor-widget elementor-widget-heading\" data-id=\"4b35bd3\" data-element_type=\"widget\" data-e-type=\"widget\" data-widget_type=\"heading.default\">\n\t\t\t\t<div class=\"elementor-widget-container\">\n\t\t\t\t\t<h2 class=\"elementor-heading-title elementor-size-default\">Urte askotako gabeziak izan ziren, baina nire alabak jaio zirenean, zoritxarrez nire osasun arazoak heredatu zituztenean, zerbait egitea erabaki nuen, haiek gabezia berberak izan ez zitzaten eta beren adineko gainerako haurrek bezala galletak, pastelak eta tartak jan ahal izan zitzaten. Horrela hasi nintzen, artisau eran, ogia, galletak, bizkotxoak, pastelak eta tartak egiten, glutenik eta laktosarik gabe, nire alabek gabezia horiek izan ez zitzaten, produktu horiekiko intolerantzia dutenek bakarrik ezagutzen baititugu.<\/h2>\t\t\t\t<\/div>\n\t\t\t\t<\/div>\n\t\t\t\t<div class=\"elementor-element elementor-element-e191851 elementor-widget elementor-widget-heading\" data-id=\"e191851\" data-element_type=\"widget\" data-e-type=\"widget\" data-widget_type=\"heading.default\">\n\t\t\t\t<div class=\"elementor-widget-container\">\n\t\t\t\t\t<h2 class=\"elementor-heading-title elementor-size-default\">Gaur egun, produktu bakoitza eskuz lantzen jarraitzen badugu ere, lehen egunean bezalaxe, ibilbide luzea dugu dagoeneko, gure produktuak denda askotan saltzen eta banatzen.<\/h2>\t\t\t\t<\/div>\n\t\t\t\t<\/div>\n\t\t\t\t<div class=\"elementor-element elementor-element-d7921b8 elementor-align-center elementor-widget elementor-widget-button\" data-id=\"d7921b8\" data-element_type=\"widget\" data-e-type=\"widget\" data-widget_type=\"button.default\">\n\t\t\t\t<div class=\"elementor-widget-container\">\n\t\t\t\t\t\t\t\t\t<div class=\"elementor-button-wrapper\">\n\t\t\t\t\t<a class=\"elementor-button elementor-button-link elementor-size-sm\" href=\"https:\/\/magorabakery.es\/eu\/blog\/\">\n\t\t\t\t\t\t<span class=\"elementor-button-content-wrapper\">\n\t\t\t\t\t\t\t\t\t<span class=\"elementor-button-text\">Blog Magora<\/span>\n\t\t\t\t\t<\/span>\n\t\t\t\t\t<\/a>\n\t\t\t\t<\/div>\n\t\t\t\t\t\t\t\t<\/div>\n\t\t\t\t<\/div>\n\t\t\t\t<\/div>\n\t\t\t\t\t<\/div>\n\t\t\t\t<\/div>\n\t\t<div class=\"elementor-element elementor-element-13ec626 e-flex e-con-boxed e-con e-parent\" data-id=\"13ec626\" data-element_type=\"container\" data-e-type=\"container\">\n\t\t\t\t\t<div class=\"e-con-inner\">\n\t\t\t\t<div class=\"elementor-element elementor-element-fd85465 elementor-widget elementor-widget-heading\" data-id=\"fd85465\" data-element_type=\"widget\" data-e-type=\"widget\" data-widget_type=\"heading.default\">\n\t\t\t\t<div class=\"elementor-widget-container\">\n\t\t\t\t\t<h2 class=\"elementor-heading-title elementor-size-default\">Araban, Bizkaian, Kantabrian eta Gipuzkoan hainbat bilketa-gune (denda) ditugu. Jarri gurekin harremanetan zure etxetik hurbilen dagoena zein den jakiteko.<\/h2>\t\t\t\t<\/div>\n\t\t\t\t<\/div>\n\t\t\t\t\t<\/div>\n\t\t\t\t<\/div>\n\t\t<div class=\"elementor-element elementor-element-f735bf4 e-flex e-con-boxed e-con e-parent\" data-id=\"f735bf4\" data-element_type=\"container\" data-e-type=\"container\">\n\t\t\t\t\t<div class=\"e-con-inner\">\n\t\t<div class=\"elementor-element elementor-element-9405d87 e-con-full e-flex e-con e-child\" data-id=\"9405d87\" data-element_type=\"container\" data-e-type=\"container\" data-settings=\"{&quot;background_background&quot;:&quot;classic&quot;}\">\n\t\t\t\t<\/div>\n\t\t<div class=\"elementor-element elementor-element-a7d9c18 e-con-full e-flex e-con e-child\" data-id=\"a7d9c18\" data-element_type=\"container\" data-e-type=\"container\">\n\t\t\t\t<div class=\"elementor-element elementor-element-c8a7232 elementor-cta--skin-classic elementor-animated-content elementor-bg-transform elementor-bg-transform-zoom-in elementor-widget elementor-widget-call-to-action\" data-id=\"c8a7232\" data-element_type=\"widget\" data-e-type=\"widget\" data-widget_type=\"call-to-action.default\">\n\t\t\t\t<div class=\"elementor-widget-container\">\n\t\t\t\t\t\t\t<div class=\"elementor-cta\">\n\t\t\t\t\t\t\t<div class=\"elementor-cta__content\">\n\t\t\t\t\n\t\t\t\t\t\t\t\t\t<h2 class=\"elementor-cta__title elementor-cta__content-item elementor-content-item\">\n\t\t\t\t\t\tInformazio garrantzitsua\t\t\t\t\t<\/h2>\n\t\t\t\t\n\t\t\t\t\t\t\t\t\t<div class=\"elementor-cta__description elementor-cta__content-item elementor-content-item\">\n\t\t\t\t\t\t- Gozogintzako produktuetarako (ezin dira mezularitza bidez bidali), telefonoz deitu erosketa egin aurretik, entregatzeko puntua eta data zehazteko.\n<br><br>\n- Asteleheneko 24: 00ak baino lehen webgunearen bidez egindako eskaerak asteazkenetan entregatuko zaizkio mezularitza-zerbitzuari. Ordu horren ondoren astean bidaliko dira zure atzetik.\n<br><br>\n626 292 431\t\t\t\t\t<\/div>\n\t\t\t\t\n\t\t\t\t\t\t\t\t\t<div class=\"elementor-cta__button-wrapper elementor-cta__content-item elementor-content-item\">\n\t\t\t\t\t<a class=\"elementor-cta__button elementor-button elementor-size-\" href=\"https:\/\/api.whatsapp.com\/send\/?phone=34626292431&#038;text&#038;type=phone_number&#038;app_absent=0\">\n\t\t\t\t\t\tKontaktua\t\t\t\t\t<\/a>\n\t\t\t\t\t<\/div>\n\t\t\t\t\t\t\t<\/div>\n\t\t\t\t\t\t<\/div>\n\t\t\t\t\t\t<\/div>\n\t\t\t\t<\/div>\n\t\t\t\t<\/div>\n\t\t\t\t\t<\/div>\n\t\t\t\t<\/div>\n\t\t<div class=\"elementor-element elementor-element-1fb58f9 e-flex e-con-boxed e-con e-parent\" data-id=\"1fb58f9\" data-element_type=\"container\" data-e-type=\"container\">\n\t\t\t\t\t<div class=\"e-con-inner\">\n\t\t\t\t<div class=\"elementor-element elementor-element-ab30269 elementor-cta--skin-classic elementor-animated-content elementor-bg-transform elementor-bg-transform-zoom-in elementor-widget elementor-widget-call-to-action\" data-id=\"ab30269\" data-element_type=\"widget\" data-e-type=\"widget\" data-widget_type=\"call-to-action.default\">\n\t\t\t\t<div class=\"elementor-widget-container\">\n\t\t\t\t\t\t\t<div class=\"elementor-cta\">\n\t\t\t\t\t\t\t<div class=\"elementor-cta__content\">\n\t\t\t\t\n\t\t\t\t\t\t\t\t\t<h2 class=\"elementor-cta__title elementor-cta__content-item elementor-content-item\">\n\t\t\t\t\t\tEstreinaldian gaude! Orain lantegi berri bat daukagu, egunero produktu freskoak saltzeko.\t\t\t\t\t<\/h2>\n\t\t\t\t\n\t\t\t\t\t\t\t\t\t<div class=\"elementor-cta__description elementor-cta__content-item elementor-content-item\">\n\t\t\t\t\t\tKokapena: Antso Azpeitia plaza, 1 - Deustu Zatoz gure ogi, pastel eta askoz gehiagoz gozatzera, denak glutenik eta laktosarik gabe!\t\t\t\t\t<\/div>\n\t\t\t\t\n\t\t\t\t\t\t\t\t\t<div class=\"elementor-cta__button-wrapper elementor-cta__content-item elementor-content-item\">\n\t\t\t\t\t<a class=\"elementor-cta__button elementor-button elementor-size-\" href=\"https:\/\/magorabakery.es\/eu\/contacto\/\">\n\t\t\t\t\t\tGehiago jakin\t\t\t\t\t<\/a>\n\t\t\t\t\t<\/div>\n\t\t\t\t\t\t\t<\/div>\n\t\t\t\t\t\t<\/div>\n\t\t\t\t\t\t<\/div>\n\t\t\t\t<\/div>\n\t\t\t\t\t<\/div>\n\t\t\t\t<\/div>\n\t\t<div class=\"elementor-element elementor-element-453bca2 e-flex e-con-boxed e-con e-parent\" data-id=\"453bca2\" data-element_type=\"container\" data-e-type=\"container\">\n\t\t\t\t\t<div class=\"e-con-inner\">\n\t\t\t\t<div class=\"elementor-element elementor-element-89ccc2d elementor-cta--skin-cover elementor-animated-content elementor-bg-transform elementor-bg-transform-zoom-in elementor-widget elementor-widget-call-to-action\" data-id=\"89ccc2d\" data-element_type=\"widget\" data-e-type=\"widget\" data-widget_type=\"call-to-action.default\">\n\t\t\t\t<div class=\"elementor-widget-container\">\n\t\t\t\t\t\t\t<div class=\"elementor-cta\">\n\t\t\t\t\t<div class=\"elementor-cta__bg-wrapper\">\n\t\t\t\t<div class=\"elementor-cta__bg elementor-bg\" style=\"background-image: url(https:\/\/magorabakery.es\/wp-content\/uploads\/2024\/12\/4667.jpg);\" role=\"img\" aria-label=\"4667\"><\/div>\n\t\t\t\t<div class=\"elementor-cta__bg-overlay\"><\/div>\n\t\t\t<\/div>\n\t\t\t\t\t\t\t<div class=\"elementor-cta__content\">\n\t\t\t\t\n\t\t\t\t\t\t\t\t\t<h2 class=\"elementor-cta__title elementor-cta__content-item elementor-content-item elementor-animated-item--grow\">\n\t\t\t\t\t\tDoan bidalketa 40\u20actik aurrera\t\t\t\t\t<\/h2>\n\t\t\t\t\n\t\t\t\t\n\t\t\t\t\t\t\t\t\t<div class=\"elementor-cta__button-wrapper elementor-cta__content-item elementor-content-item elementor-animated-item--grow\">\n\t\t\t\t\t<a class=\"elementor-cta__button elementor-button elementor-size-\" href=\"https:\/\/www.magorabakery.com\/tienda\/\" target=\"_blank\">\n\t\t\t\t\t\tOnline denda\t\t\t\t\t<\/a>\n\t\t\t\t\t<\/div>\n\t\t\t\t\t\t\t<\/div>\n\t\t\t\t\t\t<\/div>\n\t\t\t\t\t\t<\/div>\n\t\t\t\t<\/div>\n\t\t\t\t\t<\/div>\n\t\t\t\t<\/div>\n\t\t\t\t<\/div>","protected":false},"excerpt":{"rendered":"<p>Magora Bakery Panader\u00eda Pasteler\u00eda sin Gluten y sin Leche As\u00ed naci\u00f3 nuestra pasteler\u00eda sin gluten y sin leche. Despu\u00e9s de no pocas pruebas, hace ya unos cuantos a\u00f1os que me detectaron una intolerancia al gluten. \u00bfC\u00f3mo reconocer la intolerancia al gluten? Los m\u00e9dicos calculan que aproximadamente el 1 % de la poblaci\u00f3n es v\u00edctima de [&hellip;]<\/p>\n","protected":false},"author":3,"featured_media":0,"parent":0,"menu_order":0,"comment_status":"closed","ping_status":"closed","template":"","meta":{"footnotes":""},"class_list":["post-2","page","type-page","status-publish","hentry"],"yoast_head":"<!-- This site is optimized with the Yoast SEO plugin v27.5 - https:\/\/yoast.com\/product\/yoast-seo-wordpress\/ -->\n<title>Inicio - Magora Bakery<\/title>\n<meta name=\"robots\" content=\"index, follow, max-snippet:-1, max-image-preview:large, max-video-preview:-1\" \/>\n<link rel=\"canonical\" href=\"https:\/\/magorabakery.es\/eu\/\" \/>\n<meta property=\"og:locale\" content=\"en_US\" \/>\n<meta property=\"og:type\" content=\"article\" \/>\n<meta property=\"og:title\" content=\"Inicio - Magora Bakery\" \/>\n<meta property=\"og:description\" content=\"Magora Bakery Panader\u00eda Pasteler\u00eda sin Gluten y sin Leche As\u00ed naci\u00f3 nuestra pasteler\u00eda sin gluten y sin leche. Despu\u00e9s de no pocas pruebas, hace ya unos cuantos a\u00f1os que me detectaron una intolerancia al gluten. \u00bfC\u00f3mo reconocer la intolerancia al gluten? Los m\u00e9dicos calculan que aproximadamente el 1 % de la poblaci\u00f3n es v\u00edctima de [&hellip;]\" \/>\n<meta property=\"og:url\" content=\"https:\/\/magorabakery.es\/eu\/\" \/>\n<meta property=\"og:site_name\" content=\"Magora Bakery\" \/>\n<meta property=\"article:modified_time\" content=\"2025-01-09T10:59:59+00:00\" \/>\n<meta name=\"twitter:card\" content=\"summary_large_image\" \/>\n<meta name=\"twitter:label1\" content=\"Est. reading time\" \/>\n\t<meta name=\"twitter:data1\" content=\"3 minutua\" \/>\n<script type=\"application\/ld+json\" class=\"yoast-schema-graph\">{\"@context\":\"https:\\\/\\\/schema.org\",\"@graph\":[{\"@type\":\"WebPage\",\"@id\":\"https:\\\/\\\/magorabakery.es\\\/\",\"url\":\"https:\\\/\\\/magorabakery.es\\\/\",\"name\":\"Inicio - Magora Bakery\",\"isPartOf\":{\"@id\":\"https:\\\/\\\/magorabakery.es\\\/#website\"},\"datePublished\":\"2024-09-20T11:16:08+00:00\",\"dateModified\":\"2025-01-09T10:59:59+00:00\",\"breadcrumb\":{\"@id\":\"https:\\\/\\\/magorabakery.es\\\/#breadcrumb\"},\"inLanguage\":\"eu\",\"potentialAction\":[{\"@type\":\"ReadAction\",\"target\":[\"https:\\\/\\\/magorabakery.es\\\/\"]}]},{\"@type\":\"BreadcrumbList\",\"@id\":\"https:\\\/\\\/magorabakery.es\\\/#breadcrumb\",\"itemListElement\":[{\"@type\":\"ListItem\",\"position\":1,\"name\":\"Portada\",\"item\":\"https:\\\/\\\/magorabakery.es\\\/\"},{\"@type\":\"ListItem\",\"position\":2,\"name\":\"Inicio\"}]},{\"@type\":\"WebSite\",\"@id\":\"https:\\\/\\\/magorabakery.es\\\/#website\",\"url\":\"https:\\\/\\\/magorabakery.es\\\/\",\"name\":\"Magora Bakery\",\"description\":\"Fabricaci\u00f3n de carpinter\u00eda de obra, muebles y todo tipo de elementos de madera para ambientaci\u00f3n de interiores y exteriores.\",\"publisher\":{\"@id\":\"https:\\\/\\\/magorabakery.es\\\/#organization\"},\"potentialAction\":[{\"@type\":\"SearchAction\",\"target\":{\"@type\":\"EntryPoint\",\"urlTemplate\":\"https:\\\/\\\/magorabakery.es\\\/?s={search_term_string}\"},\"query-input\":{\"@type\":\"PropertyValueSpecification\",\"valueRequired\":true,\"valueName\":\"search_term_string\"}}],\"inLanguage\":\"eu\"},{\"@type\":\"Organization\",\"@id\":\"https:\\\/\\\/magorabakery.es\\\/#organization\",\"name\":\"Magora Bakery\",\"url\":\"https:\\\/\\\/magorabakery.es\\\/\",\"logo\":{\"@type\":\"ImageObject\",\"inLanguage\":\"eu\",\"@id\":\"https:\\\/\\\/magorabakery.es\\\/#\\\/schema\\\/logo\\\/image\\\/\",\"url\":\"https:\\\/\\\/magorabakery.es\\\/wp-content\\\/uploads\\\/2024\\\/12\\\/cropped-Design-sem-nome.png\",\"contentUrl\":\"https:\\\/\\\/magorabakery.es\\\/wp-content\\\/uploads\\\/2024\\\/12\\\/cropped-Design-sem-nome.png\",\"width\":462,\"height\":450,\"caption\":\"Magora Bakery\"},\"image\":{\"@id\":\"https:\\\/\\\/magorabakery.es\\\/#\\\/schema\\\/logo\\\/image\\\/\"}}]}<\/script>\n<!-- \/ Yoast SEO plugin. -->","yoast_head_json":{"title":"Inicio - Magora Bakery","robots":{"index":"index","follow":"follow","max-snippet":"max-snippet:-1","max-image-preview":"max-image-preview:large","max-video-preview":"max-video-preview:-1"},"canonical":"https:\/\/magorabakery.es\/eu\/","og_locale":"en_US","og_type":"article","og_title":"Inicio - Magora Bakery","og_description":"Magora Bakery Panader\u00eda Pasteler\u00eda sin Gluten y sin Leche As\u00ed naci\u00f3 nuestra pasteler\u00eda sin gluten y sin leche. Despu\u00e9s de no pocas pruebas, hace ya unos cuantos a\u00f1os que me detectaron una intolerancia al gluten. \u00bfC\u00f3mo reconocer la intolerancia al gluten? Los m\u00e9dicos calculan que aproximadamente el 1 % de la poblaci\u00f3n es v\u00edctima de [&hellip;]","og_url":"https:\/\/magorabakery.es\/eu\/","og_site_name":"Magora Bakery","article_modified_time":"2025-01-09T10:59:59+00:00","twitter_card":"summary_large_image","twitter_misc":{"Est. reading time":"3 minutua"},"schema":{"@context":"https:\/\/schema.org","@graph":[{"@type":"WebPage","@id":"https:\/\/magorabakery.es\/","url":"https:\/\/magorabakery.es\/","name":"Inicio - Magora Bakery","isPartOf":{"@id":"https:\/\/magorabakery.es\/#website"},"datePublished":"2024-09-20T11:16:08+00:00","dateModified":"2025-01-09T10:59:59+00:00","breadcrumb":{"@id":"https:\/\/magorabakery.es\/#breadcrumb"},"inLanguage":"eu","potentialAction":[{"@type":"ReadAction","target":["https:\/\/magorabakery.es\/"]}]},{"@type":"BreadcrumbList","@id":"https:\/\/magorabakery.es\/#breadcrumb","itemListElement":[{"@type":"ListItem","position":1,"name":"Portada","item":"https:\/\/magorabakery.es\/"},{"@type":"ListItem","position":2,"name":"Inicio"}]},{"@type":"WebSite","@id":"https:\/\/magorabakery.es\/#website","url":"https:\/\/magorabakery.es\/","name":"MAGORA BAKERY","description":"Fabricaci\u00f3n de carpinter\u00eda de obra, muebles y todo tipo de elementos de madera para ambientaci\u00f3n de interiores y exteriores.","publisher":{"@id":"https:\/\/magorabakery.es\/#organization"},"potentialAction":[{"@type":"SearchAction","target":{"@type":"EntryPoint","urlTemplate":"https:\/\/magorabakery.es\/?s={search_term_string}"},"query-input":{"@type":"PropertyValueSpecification","valueRequired":true,"valueName":"search_term_string"}}],"inLanguage":"eu"},{"@type":"Organization","@id":"https:\/\/magorabakery.es\/#organization","name":"MAGORA BAKERY","url":"https:\/\/magorabakery.es\/","logo":{"@type":"ImageObject","inLanguage":"eu","@id":"https:\/\/magorabakery.es\/#\/schema\/logo\/image\/","url":"https:\/\/magorabakery.es\/wp-content\/uploads\/2024\/12\/cropped-Design-sem-nome.png","contentUrl":"https:\/\/magorabakery.es\/wp-content\/uploads\/2024\/12\/cropped-Design-sem-nome.png","width":462,"height":450,"caption":"Magora Bakery"},"image":{"@id":"https:\/\/magorabakery.es\/#\/schema\/logo\/image\/"}}]}},"_links":{"self":[{"href":"https:\/\/magorabakery.es\/eu\/wp-json\/wp\/v2\/pages\/2","targetHints":{"allow":["GET"]}}],"collection":[{"href":"https:\/\/magorabakery.es\/eu\/wp-json\/wp\/v2\/pages"}],"about":[{"href":"https:\/\/magorabakery.es\/eu\/wp-json\/wp\/v2\/types\/page"}],"author":[{"embeddable":true,"href":"https:\/\/magorabakery.es\/eu\/wp-json\/wp\/v2\/users\/3"}],"replies":[{"embeddable":true,"href":"https:\/\/magorabakery.es\/eu\/wp-json\/wp\/v2\/comments?post=2"}],"version-history":[{"count":305,"href":"https:\/\/magorabakery.es\/eu\/wp-json\/wp\/v2\/pages\/2\/revisions"}],"predecessor-version":[{"id":953,"href":"https:\/\/magorabakery.es\/eu\/wp-json\/wp\/v2\/pages\/2\/revisions\/953"}],"wp:attachment":[{"href":"https:\/\/magorabakery.es\/eu\/wp-json\/wp\/v2\/media?parent=2"}],"curies":[{"name":"wp","href":"https:\/\/api.w.org\/{rel}","templated":true}]}}