{"id":801,"date":"2024-12-23T16:01:29","date_gmt":"2024-12-23T16:01:29","guid":{"rendered":"https:\/\/magorabakery.rkinformatika.online\/?page_id=801"},"modified":"2024-12-24T09:41:59","modified_gmt":"2024-12-24T09:41:59","slug":"blog","status":"publish","type":"page","link":"https:\/\/magorabakery.es\/eu\/blog\/","title":{"rendered":"Bloga"},"content":{"rendered":"<div data-elementor-type=\"wp-page\" data-elementor-id=\"801\" class=\"elementor elementor-801\" data-elementor-post-type=\"page\">\n\t\t\t\t<div class=\"elementor-element elementor-element-bf66af6 e-con-full e-flex e-con e-parent\" data-id=\"bf66af6\" data-element_type=\"container\" data-e-type=\"container\" data-settings=\"{&quot;background_background&quot;:&quot;classic&quot;}\">\n\t\t\t\t<div class=\"elementor-element elementor-element-c4145d3 elementor-widget elementor-widget-heading\" data-id=\"c4145d3\" data-element_type=\"widget\" data-e-type=\"widget\" data-widget_type=\"heading.default\">\n\t\t\t\t<div class=\"elementor-widget-container\">\n\t\t\t\t\t<h2 class=\"elementor-heading-title elementor-size-default\">Bloga<\/h2>\t\t\t\t<\/div>\n\t\t\t\t<\/div>\n\t\t\t\t<\/div>\n\t\t<div class=\"elementor-element elementor-element-477fb236 e-flex e-con-boxed e-con e-parent\" data-id=\"477fb236\" data-element_type=\"container\" data-e-type=\"container\">\n\t\t\t\t\t<div class=\"e-con-inner\">\n\t\t\t\t<div class=\"elementor-element elementor-element-6b9ac973 elementor-posts__hover-none elementor-grid-3 elementor-grid-tablet-2 elementor-grid-mobile-1 elementor-posts--thumbnail-top elementor-card-shadow-yes elementor-widget elementor-widget-posts\" data-id=\"6b9ac973\" data-element_type=\"widget\" data-e-type=\"widget\" data-settings=\"{&quot;cards_row_gap&quot;:{&quot;unit&quot;:&quot;px&quot;,&quot;size&quot;:80,&quot;sizes&quot;:[]},&quot;cards_row_gap_tablet&quot;:{&quot;unit&quot;:&quot;px&quot;,&quot;size&quot;:71,&quot;sizes&quot;:[]},&quot;cards_row_gap_mobile&quot;:{&quot;unit&quot;:&quot;px&quot;,&quot;size&quot;:30,&quot;sizes&quot;:[]},&quot;cards_columns&quot;:&quot;3&quot;,&quot;cards_columns_tablet&quot;:&quot;2&quot;,&quot;cards_columns_mobile&quot;:&quot;1&quot;}\" data-widget_type=\"posts.cards\">\n\t\t\t\t<div class=\"elementor-widget-container\">\n\t\t\t\t\t\t\t<div class=\"elementor-posts-container elementor-posts elementor-posts--skin-cards elementor-grid\" role=\"list\">\n\t\t\t\t<article class=\"elementor-post elementor-grid-item post-911 post type-post status-publish format-standard has-post-thumbnail hentry category-sin-gluten category-sin-lactosa\" role=\"listitem\">\n\t\t\t<div class=\"elementor-post__card\">\n\t\t\t\t<a class=\"elementor-post__thumbnail__link\" href=\"https:\/\/magorabakery.es\/eu\/aparicion-en-slow-pix\/\" tabindex=\"-1\" target=\"_blank\"><div class=\"elementor-post__thumbnail\"><img fetchpriority=\"high\" decoding=\"async\" width=\"500\" height=\"334\" src=\"https:\/\/magorabakery.es\/wp-content\/uploads\/2024\/12\/5333.jpg\" class=\"attachment-full size-full wp-image-912\" alt=\"\" srcset=\"https:\/\/magorabakery.es\/wp-content\/uploads\/2024\/12\/5333.jpg 500w, https:\/\/magorabakery.es\/wp-content\/uploads\/2024\/12\/5333-300x200.jpg 300w, https:\/\/magorabakery.es\/wp-content\/uploads\/2024\/12\/5333-18x12.jpg 18w\" sizes=\"(max-width: 500px) 100vw, 500px\" \/><\/div><\/a>\n\t\t\t\t<div class=\"elementor-post__text\">\n\t\t\t\t<h4 class=\"elementor-post__title\">\n\t\t\t<a href=\"https:\/\/magorabakery.es\/eu\/aparicion-en-slow-pix\/\" target=\"&quot;_blank&quot;\">\n\t\t\t\tAparici\u00f3n en Slow Pix\t\t\t<\/a>\n\t\t<\/h4>\n\t\t\t\t<div class=\"elementor-post__excerpt\">\n\t\t\t<p>La plataforma Slow Pix, miembro del movimiento slow food ha publicado un completo art\u00edculo sobre<\/p>\n\t\t<\/div>\n\t\t\n\t\t<a class=\"elementor-post__read-more\" href=\"https:\/\/magorabakery.es\/eu\/aparicion-en-slow-pix\/\" aria-label=\"Read more about Aparici\u00f3n en Slow Pix\" tabindex=\"-1\" target=\"_blank\">\n\t\t\tLeer m\u00e1s\t\t<\/a>\n\n\t\t\t\t<\/div>\n\t\t\t\t\t<\/div>\n\t\t<\/article>\n\t\t\t\t<article class=\"elementor-post elementor-grid-item post-862 post type-post status-publish format-standard has-post-thumbnail hentry category-sin-gluten category-sin-lactosa\" role=\"listitem\">\n\t\t\t<div class=\"elementor-post__card\">\n\t\t\t\t<a class=\"elementor-post__thumbnail__link\" href=\"https:\/\/magorabakery.es\/eu\/premio-deia-hemendik-sariak-2016\/\" tabindex=\"-1\" target=\"_blank\"><div class=\"elementor-post__thumbnail\"><img decoding=\"async\" width=\"322\" height=\"370\" src=\"https:\/\/magorabakery.es\/wp-content\/uploads\/2024\/12\/5282.jpg\" class=\"attachment-full size-full wp-image-590\" alt=\"\" srcset=\"https:\/\/magorabakery.es\/wp-content\/uploads\/2024\/12\/5282.jpg 322w, https:\/\/magorabakery.es\/wp-content\/uploads\/2024\/12\/5282-261x300.jpg 261w, https:\/\/magorabakery.es\/wp-content\/uploads\/2024\/12\/5282-10x12.jpg 10w\" sizes=\"(max-width: 322px) 100vw, 322px\" \/><\/div><\/a>\n\t\t\t\t<div class=\"elementor-post__text\">\n\t\t\t\t<h4 class=\"elementor-post__title\">\n\t\t\t<a href=\"https:\/\/magorabakery.es\/eu\/premio-deia-hemendik-sariak-2016\/\" target=\"&quot;_blank&quot;\">\n\t\t\t\tPremio \u00abDEIA Hemendik Sariak 2016\u00bb\t\t\t<\/a>\n\t\t<\/h4>\n\t\t\t\t<div class=\"elementor-post__excerpt\">\n\t\t\t<p>Estamos encantados de que nos hayan otorgado este premio como reconocimiento al trabajo realizado en<\/p>\n\t\t<\/div>\n\t\t\n\t\t<a class=\"elementor-post__read-more\" href=\"https:\/\/magorabakery.es\/eu\/premio-deia-hemendik-sariak-2016\/\" aria-label=\"Read more about Premio \u00abDEIA Hemendik Sariak 2016\u00bb\" tabindex=\"-1\" target=\"_blank\">\n\t\t\tLeer m\u00e1s\t\t<\/a>\n\n\t\t\t\t<\/div>\n\t\t\t\t\t<\/div>\n\t\t<\/article>\n\t\t\t\t<article class=\"elementor-post elementor-grid-item post-859 post type-post status-publish format-standard has-post-thumbnail hentry category-sin-lactosa\" role=\"listitem\">\n\t\t\t<div class=\"elementor-post__card\">\n\t\t\t\t<a class=\"elementor-post__thumbnail__link\" href=\"https:\/\/magorabakery.es\/eu\/intolerancia-a-la-lactosa\/\" tabindex=\"-1\" target=\"_blank\"><div class=\"elementor-post__thumbnail\"><img decoding=\"async\" width=\"1500\" height=\"1001\" src=\"https:\/\/magorabakery.es\/wp-content\/uploads\/2024\/12\/3271.jpg\" class=\"attachment-full size-full wp-image-860\" alt=\"\" srcset=\"https:\/\/magorabakery.es\/wp-content\/uploads\/2024\/12\/3271.jpg 1500w, https:\/\/magorabakery.es\/wp-content\/uploads\/2024\/12\/3271-300x200.jpg 300w, https:\/\/magorabakery.es\/wp-content\/uploads\/2024\/12\/3271-1024x683.jpg 1024w, https:\/\/magorabakery.es\/wp-content\/uploads\/2024\/12\/3271-768x513.jpg 768w, https:\/\/magorabakery.es\/wp-content\/uploads\/2024\/12\/3271-18x12.jpg 18w\" sizes=\"(max-width: 1500px) 100vw, 1500px\" \/><\/div><\/a>\n\t\t\t\t<div class=\"elementor-post__text\">\n\t\t\t\t<h4 class=\"elementor-post__title\">\n\t\t\t<a href=\"https:\/\/magorabakery.es\/eu\/intolerancia-a-la-lactosa\/\" target=\"&quot;_blank&quot;\">\n\t\t\t\tIntolerancia a la lactosa.\t\t\t<\/a>\n\t\t<\/h4>\n\t\t\t\t<div class=\"elementor-post__excerpt\">\n\t\t\t<p>\u00bfQue es la lactosa? La lactosa es una clase de az\u00facar que contiene la leche<\/p>\n\t\t<\/div>\n\t\t\n\t\t<a class=\"elementor-post__read-more\" href=\"https:\/\/magorabakery.es\/eu\/intolerancia-a-la-lactosa\/\" aria-label=\"Read more about Intolerancia a la lactosa.\" tabindex=\"-1\" target=\"_blank\">\n\t\t\tLeer m\u00e1s\t\t<\/a>\n\n\t\t\t\t<\/div>\n\t\t\t\t\t<\/div>\n\t\t<\/article>\n\t\t\t\t<article class=\"elementor-post elementor-grid-item post-856 post type-post status-publish format-standard has-post-thumbnail hentry category-sin-gluten\" role=\"listitem\">\n\t\t\t<div class=\"elementor-post__card\">\n\t\t\t\t<a class=\"elementor-post__thumbnail__link\" href=\"https:\/\/magorabakery.es\/eu\/como-saber-se-eres-intolerante-al-gluten\/\" tabindex=\"-1\" target=\"_blank\"><div class=\"elementor-post__thumbnail\"><img loading=\"lazy\" decoding=\"async\" width=\"1500\" height=\"1000\" src=\"https:\/\/magorabakery.es\/wp-content\/uploads\/2024\/12\/11203.jpg\" class=\"attachment-full size-full wp-image-857\" alt=\"\" srcset=\"https:\/\/magorabakery.es\/wp-content\/uploads\/2024\/12\/11203.jpg 1500w, https:\/\/magorabakery.es\/wp-content\/uploads\/2024\/12\/11203-300x200.jpg 300w, https:\/\/magorabakery.es\/wp-content\/uploads\/2024\/12\/11203-1024x683.jpg 1024w, https:\/\/magorabakery.es\/wp-content\/uploads\/2024\/12\/11203-768x512.jpg 768w, https:\/\/magorabakery.es\/wp-content\/uploads\/2024\/12\/11203-18x12.jpg 18w\" sizes=\"(max-width: 1500px) 100vw, 1500px\" \/><\/div><\/a>\n\t\t\t\t<div class=\"elementor-post__text\">\n\t\t\t\t<h4 class=\"elementor-post__title\">\n\t\t\t<a href=\"https:\/\/magorabakery.es\/eu\/como-saber-se-eres-intolerante-al-gluten\/\" target=\"&quot;_blank&quot;\">\n\t\t\t\tComo saber se eres intolerante al gluten.\t\t\t<\/a>\n\t\t<\/h4>\n\t\t\t\t<div class=\"elementor-post__excerpt\">\n\t\t\t<p>Celiacos o al\u00e9rgicos al gluten. El celiaco es un enfermo que se caracteriza por padecer<\/p>\n\t\t<\/div>\n\t\t\n\t\t<a class=\"elementor-post__read-more\" href=\"https:\/\/magorabakery.es\/eu\/como-saber-se-eres-intolerante-al-gluten\/\" aria-label=\"Read more about Como saber se eres intolerante al gluten.\" tabindex=\"-1\" target=\"_blank\">\n\t\t\tLeer m\u00e1s\t\t<\/a>\n\n\t\t\t\t<\/div>\n\t\t\t\t\t<\/div>\n\t\t<\/article>\n\t\t\t\t<article class=\"elementor-post elementor-grid-item post-853 post type-post status-publish format-standard has-post-thumbnail hentry category-sin-gluten category-sin-lactosa\" role=\"listitem\">\n\t\t\t<div class=\"elementor-post__card\">\n\t\t\t\t<a class=\"elementor-post__thumbnail__link\" href=\"https:\/\/magorabakery.es\/eu\/tratamiento-para-la-intolerancia-a-la-lactosa\/\" tabindex=\"-1\" target=\"_blank\"><div class=\"elementor-post__thumbnail\"><img loading=\"lazy\" decoding=\"async\" width=\"482\" height=\"256\" src=\"https:\/\/magorabakery.es\/wp-content\/uploads\/2024\/12\/Captura-desde-2024-12-23-18-07-43.png\" class=\"attachment-full size-full wp-image-854\" alt=\"\" srcset=\"https:\/\/magorabakery.es\/wp-content\/uploads\/2024\/12\/Captura-desde-2024-12-23-18-07-43.png 482w, https:\/\/magorabakery.es\/wp-content\/uploads\/2024\/12\/Captura-desde-2024-12-23-18-07-43-300x159.png 300w, https:\/\/magorabakery.es\/wp-content\/uploads\/2024\/12\/Captura-desde-2024-12-23-18-07-43-18x10.png 18w\" sizes=\"(max-width: 482px) 100vw, 482px\" \/><\/div><\/a>\n\t\t\t\t<div class=\"elementor-post__text\">\n\t\t\t\t<h4 class=\"elementor-post__title\">\n\t\t\t<a href=\"https:\/\/magorabakery.es\/eu\/tratamiento-para-la-intolerancia-a-la-lactosa\/\" target=\"&quot;_blank&quot;\">\n\t\t\t\tTratamiento para la intolerancia a la lactosa.\t\t\t<\/a>\n\t\t<\/h4>\n\t\t\t\t<div class=\"elementor-post__excerpt\">\n\t\t\t<p>Una manera de aliviar los s\u00edntomas es reducir de la dieta la ingesta de productos<\/p>\n\t\t<\/div>\n\t\t\n\t\t<a class=\"elementor-post__read-more\" href=\"https:\/\/magorabakery.es\/eu\/tratamiento-para-la-intolerancia-a-la-lactosa\/\" aria-label=\"Read more about Tratamiento para la intolerancia a la lactosa.\" tabindex=\"-1\" target=\"_blank\">\n\t\t\tLeer m\u00e1s\t\t<\/a>\n\n\t\t\t\t<\/div>\n\t\t\t\t\t<\/div>\n\t\t<\/article>\n\t\t\t\t<article class=\"elementor-post elementor-grid-item post-847 post type-post status-publish format-standard has-post-thumbnail hentry category-sin-gluten category-sin-lactosa\" role=\"listitem\">\n\t\t\t<div class=\"elementor-post__card\">\n\t\t\t\t<a class=\"elementor-post__thumbnail__link\" href=\"https:\/\/magorabakery.es\/eu\/sin-gluten-y-sin-lactosa\/\" tabindex=\"-1\" target=\"_blank\"><div class=\"elementor-post__thumbnail\"><img loading=\"lazy\" decoding=\"async\" width=\"488\" height=\"290\" src=\"https:\/\/magorabakery.es\/wp-content\/uploads\/2024\/12\/Captura-desde-2024-12-23-15-52-57.png\" class=\"attachment-full size-full wp-image-734\" alt=\"\" srcset=\"https:\/\/magorabakery.es\/wp-content\/uploads\/2024\/12\/Captura-desde-2024-12-23-15-52-57.png 488w, https:\/\/magorabakery.es\/wp-content\/uploads\/2024\/12\/Captura-desde-2024-12-23-15-52-57-300x178.png 300w, https:\/\/magorabakery.es\/wp-content\/uploads\/2024\/12\/Captura-desde-2024-12-23-15-52-57-18x12.png 18w\" sizes=\"(max-width: 488px) 100vw, 488px\" \/><\/div><\/a>\n\t\t\t\t<div class=\"elementor-post__text\">\n\t\t\t\t<h4 class=\"elementor-post__title\">\n\t\t\t<a href=\"https:\/\/magorabakery.es\/eu\/sin-gluten-y-sin-lactosa\/\" target=\"&quot;_blank&quot;\">\n\t\t\t\tSin gluten y sin lactosa\t\t\t<\/a>\n\t\t<\/h4>\n\t\t\t\t<div class=\"elementor-post__excerpt\">\n\t\t\t<p>Disfruta de un merecido desayuno sin preocuparte por tu salud. Solo los que sufrimos de<\/p>\n\t\t<\/div>\n\t\t\n\t\t<a class=\"elementor-post__read-more\" href=\"https:\/\/magorabakery.es\/eu\/sin-gluten-y-sin-lactosa\/\" aria-label=\"Read more about Sin gluten y sin lactosa\" tabindex=\"-1\" target=\"_blank\">\n\t\t\tLeer m\u00e1s\t\t<\/a>\n\n\t\t\t\t<\/div>\n\t\t\t\t\t<\/div>\n\t\t<\/article>\n\t\t\t\t<\/div>\n\t\t\n\t\t\t\t\t\t<\/div>\n\t\t\t\t<\/div>\n\t\t\t\t\t<\/div>\n\t\t\t\t<\/div>\n\t\t\t\t<\/div>","protected":false},"excerpt":{"rendered":"<p>Bloga<\/p>","protected":false},"author":3,"featured_media":0,"parent":0,"menu_order":0,"comment_status":"closed","ping_status":"closed","template":"","meta":{"footnotes":""},"class_list":["post-801","page","type-page","status-publish","hentry"],"yoast_head":"<!-- This site is optimized with the Yoast SEO plugin v27.5 - https:\/\/yoast.com\/product\/yoast-seo-wordpress\/ -->\n<title>Blog - Magora Bakery<\/title>\n<meta name=\"robots\" content=\"index, follow, max-snippet:-1, max-image-preview:large, max-video-preview:-1\" \/>\n<link rel=\"canonical\" href=\"https:\/\/magorabakery.es\/eu\/blog\/\" \/>\n<meta property=\"og:locale\" content=\"en_US\" \/>\n<meta property=\"og:type\" content=\"article\" \/>\n<meta property=\"og:title\" content=\"Blog - Magora Bakery\" \/>\n<meta property=\"og:description\" content=\"Blog\" \/>\n<meta property=\"og:url\" content=\"https:\/\/magorabakery.es\/eu\/blog\/\" \/>\n<meta property=\"og:site_name\" content=\"Magora Bakery\" \/>\n<meta property=\"article:modified_time\" content=\"2024-12-24T09:41:59+00:00\" \/>\n<meta name=\"twitter:card\" content=\"summary_large_image\" \/>\n<meta name=\"twitter:label1\" content=\"Est. reading time\" \/>\n\t<meta name=\"twitter:data1\" content=\"4 minutua\" \/>\n<script type=\"application\/ld+json\" class=\"yoast-schema-graph\">{\"@context\":\"https:\\\/\\\/schema.org\",\"@graph\":[{\"@type\":\"WebPage\",\"@id\":\"https:\\\/\\\/magorabakery.es\\\/blog\\\/\",\"url\":\"https:\\\/\\\/magorabakery.es\\\/blog\\\/\",\"name\":\"Blog - Magora Bakery\",\"isPartOf\":{\"@id\":\"https:\\\/\\\/magorabakery.es\\\/#website\"},\"datePublished\":\"2024-12-23T16:01:29+00:00\",\"dateModified\":\"2024-12-24T09:41:59+00:00\",\"breadcrumb\":{\"@id\":\"https:\\\/\\\/magorabakery.es\\\/blog\\\/#breadcrumb\"},\"inLanguage\":\"eu\",\"potentialAction\":[{\"@type\":\"ReadAction\",\"target\":[\"https:\\\/\\\/magorabakery.es\\\/blog\\\/\"]}]},{\"@type\":\"BreadcrumbList\",\"@id\":\"https:\\\/\\\/magorabakery.es\\\/blog\\\/#breadcrumb\",\"itemListElement\":[{\"@type\":\"ListItem\",\"position\":1,\"name\":\"Portada\",\"item\":\"https:\\\/\\\/magorabakery.es\\\/\"},{\"@type\":\"ListItem\",\"position\":2,\"name\":\"Blog\"}]},{\"@type\":\"WebSite\",\"@id\":\"https:\\\/\\\/magorabakery.es\\\/#website\",\"url\":\"https:\\\/\\\/magorabakery.es\\\/\",\"name\":\"Magora Bakery\",\"description\":\"Fabricaci\u00f3n de carpinter\u00eda de obra, muebles y todo tipo de elementos de madera para ambientaci\u00f3n de interiores y exteriores.\",\"publisher\":{\"@id\":\"https:\\\/\\\/magorabakery.es\\\/#organization\"},\"potentialAction\":[{\"@type\":\"SearchAction\",\"target\":{\"@type\":\"EntryPoint\",\"urlTemplate\":\"https:\\\/\\\/magorabakery.es\\\/?s={search_term_string}\"},\"query-input\":{\"@type\":\"PropertyValueSpecification\",\"valueRequired\":true,\"valueName\":\"search_term_string\"}}],\"inLanguage\":\"eu\"},{\"@type\":\"Organization\",\"@id\":\"https:\\\/\\\/magorabakery.es\\\/#organization\",\"name\":\"Magora Bakery\",\"url\":\"https:\\\/\\\/magorabakery.es\\\/\",\"logo\":{\"@type\":\"ImageObject\",\"inLanguage\":\"eu\",\"@id\":\"https:\\\/\\\/magorabakery.es\\\/#\\\/schema\\\/logo\\\/image\\\/\",\"url\":\"https:\\\/\\\/magorabakery.es\\\/wp-content\\\/uploads\\\/2024\\\/12\\\/cropped-Design-sem-nome.png\",\"contentUrl\":\"https:\\\/\\\/magorabakery.es\\\/wp-content\\\/uploads\\\/2024\\\/12\\\/cropped-Design-sem-nome.png\",\"width\":462,\"height\":450,\"caption\":\"Magora Bakery\"},\"image\":{\"@id\":\"https:\\\/\\\/magorabakery.es\\\/#\\\/schema\\\/logo\\\/image\\\/\"}}]}<\/script>\n<!-- \/ Yoast SEO plugin. -->","yoast_head_json":{"title":"Blog - Magora Bakery","robots":{"index":"index","follow":"follow","max-snippet":"max-snippet:-1","max-image-preview":"max-image-preview:large","max-video-preview":"max-video-preview:-1"},"canonical":"https:\/\/magorabakery.es\/eu\/blog\/","og_locale":"en_US","og_type":"article","og_title":"Blog - Magora Bakery","og_description":"Blog","og_url":"https:\/\/magorabakery.es\/eu\/blog\/","og_site_name":"Magora Bakery","article_modified_time":"2024-12-24T09:41:59+00:00","twitter_card":"summary_large_image","twitter_misc":{"Est. reading time":"4 minutua"},"schema":{"@context":"https:\/\/schema.org","@graph":[{"@type":"WebPage","@id":"https:\/\/magorabakery.es\/blog\/","url":"https:\/\/magorabakery.es\/blog\/","name":"Blog - Magora Bakery","isPartOf":{"@id":"https:\/\/magorabakery.es\/#website"},"datePublished":"2024-12-23T16:01:29+00:00","dateModified":"2024-12-24T09:41:59+00:00","breadcrumb":{"@id":"https:\/\/magorabakery.es\/blog\/#breadcrumb"},"inLanguage":"eu","potentialAction":[{"@type":"ReadAction","target":["https:\/\/magorabakery.es\/blog\/"]}]},{"@type":"BreadcrumbList","@id":"https:\/\/magorabakery.es\/blog\/#breadcrumb","itemListElement":[{"@type":"ListItem","position":1,"name":"Portada","item":"https:\/\/magorabakery.es\/"},{"@type":"ListItem","position":2,"name":"Blog"}]},{"@type":"WebSite","@id":"https:\/\/magorabakery.es\/#website","url":"https:\/\/magorabakery.es\/","name":"MAGORA BAKERY","description":"Fabricaci\u00f3n de carpinter\u00eda de obra, muebles y todo tipo de elementos de madera para ambientaci\u00f3n de interiores y exteriores.","publisher":{"@id":"https:\/\/magorabakery.es\/#organization"},"potentialAction":[{"@type":"SearchAction","target":{"@type":"EntryPoint","urlTemplate":"https:\/\/magorabakery.es\/?s={search_term_string}"},"query-input":{"@type":"PropertyValueSpecification","valueRequired":true,"valueName":"search_term_string"}}],"inLanguage":"eu"},{"@type":"Organization","@id":"https:\/\/magorabakery.es\/#organization","name":"MAGORA BAKERY","url":"https:\/\/magorabakery.es\/","logo":{"@type":"ImageObject","inLanguage":"eu","@id":"https:\/\/magorabakery.es\/#\/schema\/logo\/image\/","url":"https:\/\/magorabakery.es\/wp-content\/uploads\/2024\/12\/cropped-Design-sem-nome.png","contentUrl":"https:\/\/magorabakery.es\/wp-content\/uploads\/2024\/12\/cropped-Design-sem-nome.png","width":462,"height":450,"caption":"Magora Bakery"},"image":{"@id":"https:\/\/magorabakery.es\/#\/schema\/logo\/image\/"}}]}},"_links":{"self":[{"href":"https:\/\/magorabakery.es\/eu\/wp-json\/wp\/v2\/pages\/801","targetHints":{"allow":["GET"]}}],"collection":[{"href":"https:\/\/magorabakery.es\/eu\/wp-json\/wp\/v2\/pages"}],"about":[{"href":"https:\/\/magorabakery.es\/eu\/wp-json\/wp\/v2\/types\/page"}],"author":[{"embeddable":true,"href":"https:\/\/magorabakery.es\/eu\/wp-json\/wp\/v2\/users\/3"}],"replies":[{"embeddable":true,"href":"https:\/\/magorabakery.es\/eu\/wp-json\/wp\/v2\/comments?post=801"}],"version-history":[{"count":46,"href":"https:\/\/magorabakery.es\/eu\/wp-json\/wp\/v2\/pages\/801\/revisions"}],"predecessor-version":[{"id":910,"href":"https:\/\/magorabakery.es\/eu\/wp-json\/wp\/v2\/pages\/801\/revisions\/910"}],"wp:attachment":[{"href":"https:\/\/magorabakery.es\/eu\/wp-json\/wp\/v2\/media?parent=801"}],"curies":[{"name":"wp","href":"https:\/\/api.w.org\/{rel}","templated":true}]}}